{"id":2000,"date":"2017-08-19T21:41:40","date_gmt":"2017-08-19T21:41:40","guid":{"rendered":"https:\/\/relaunch.endeco-gmbh.de\/news\/"},"modified":"2018-12-19T15:56:41","modified_gmt":"2018-12-19T15:56:41","slug":"news","status":"publish","type":"page","link":"https:\/\/endeco-gmbh.de\/en\/news\/","title":{"rendered":"News"},"content":{"rendered":"<p>[vc_row][vc_column][vc_column_text css=&#8221;.vc_custom_1545234996619{margin-bottom: 50px !important;}&#8221;]<\/p>\n<h1>News of endeco<\/h1>\n<p>[\/vc_column_text]<div class=\"Latest_news \"><ul class=\"ul-first\"><li class=\"post-4997 post type-post status-publish format-standard has-post-thumbnail hentry category-news-en category-projects-references\"><div class=\"photo\"><a href=\"https:\/\/endeco-gmbh.de\/en\/blog\/asns-ingredient-sia-awards-contract-endeco-gmbh\/\"><img width=\"942\" height=\"531\" src=\"https:\/\/endeco-gmbh.de\/wp-content\/uploads\/ASNS-Ingredient-SIA-endeco-GmbH.jpg\" class=\"scale-with-grid wp-post-image\" alt=\"Asns Ingredient Sia Endeco Gmbh\" loading=\"lazy\" srcset=\"https:\/\/endeco-gmbh.de\/wp-content\/uploads\/ASNS-Ingredient-SIA-endeco-GmbH.jpg 942w, https:\/\/endeco-gmbh.de\/wp-content\/uploads\/ASNS-Ingredient-SIA-endeco-GmbH-800x451.jpg 800w, https:\/\/endeco-gmbh.de\/wp-content\/uploads\/ASNS-Ingredient-SIA-endeco-GmbH-768x433.jpg 768w, https:\/\/endeco-gmbh.de\/wp-content\/uploads\/ASNS-Ingredient-SIA-endeco-GmbH-260x146.jpg 260w, https:\/\/endeco-gmbh.de\/wp-content\/uploads\/ASNS-Ingredient-SIA-endeco-GmbH-50x28.jpg 50w, https:\/\/endeco-gmbh.de\/wp-content\/uploads\/ASNS-Ingredient-SIA-endeco-GmbH-133x75.jpg 133w\" sizes=\"(max-width: 942px) 100vw, 942px\" \/><\/a><\/div><div class=\"desc\"><h5><a href=\"https:\/\/endeco-gmbh.de\/en\/blog\/asns-ingredient-sia-awards-contract-endeco-gmbh\/\">ASNS Ingredient SIA awards contract to endeco GmbH<\/a><\/h5><div class=\"desc_footer\"><span class=\"date\"><i class=\"icon-clock\"><\/i> 08.08.2024<\/span><div class=\"button-love\"><\/div><\/div><div class=\"post-excerpt\">We are pleased to announce that endeco GmbH has been appointed to design and build a state-of-the-art plant for plant-based proteins. This flagship project in Europe<span class=\"excerpt-hellip\"> [\u2026]<\/span><\/div><\/div><\/li><li class=\"post-4709 post type-post status-publish format-standard has-post-thumbnail hentry category-news-en\"><div class=\"photo\"><a href=\"https:\/\/endeco-gmbh.de\/en\/blog\/protein-application-center-ready-processing-solutions-along-the-entire-value-chain\/\"><img width=\"960\" height=\"720\" src=\"https:\/\/endeco-gmbh.de\/wp-content\/uploads\/protein-application-center-bereit-verarbeitungsloesungen-entlang-der-gesamten-wertschoepfungskette-960x720.jpg\" class=\"scale-with-grid wp-post-image\" alt=\"\" loading=\"lazy\" \/><\/a><\/div><div class=\"desc\"><h5><a href=\"https:\/\/endeco-gmbh.de\/en\/blog\/protein-application-center-ready-processing-solutions-along-the-entire-value-chain\/\">Protein Application Center ready: Processing solutions along the entire value chain<\/a><\/h5><div class=\"desc_footer\"><span class=\"date\"><i class=\"icon-clock\"><\/i> 03.01.2024<\/span><div class=\"button-love\"><\/div><\/div><div class=\"post-excerpt\">B\u00fchler and endeco have made rapid progress in their partnership. What began with a chance discovery around four years ago is now manifested as a closely<span class=\"excerpt-hellip\"> [\u2026]<\/span><\/div><\/div><\/li><li class=\"post-4279 post type-post status-publish format-standard has-post-thumbnail hentry category-news-en category-protein-food\"><div class=\"photo\"><a href=\"https:\/\/endeco-gmbh.de\/en\/blog\/ready-to-go-endeco-protein-food-gmbh\/\"><img width=\"842\" height=\"595\" src=\"https:\/\/endeco-gmbh.de\/wp-content\/uploads\/Endeco_Logo_Final_RGB_72.jpg\" class=\"scale-with-grid wp-post-image\" alt=\"endeco protein food gmbh\" loading=\"lazy\" srcset=\"https:\/\/endeco-gmbh.de\/wp-content\/uploads\/Endeco_Logo_Final_RGB_72.jpg 842w, https:\/\/endeco-gmbh.de\/wp-content\/uploads\/Endeco_Logo_Final_RGB_72-800x565.jpg 800w, https:\/\/endeco-gmbh.de\/wp-content\/uploads\/Endeco_Logo_Final_RGB_72-768x543.jpg 768w, https:\/\/endeco-gmbh.de\/wp-content\/uploads\/Endeco_Logo_Final_RGB_72-207x146.jpg 207w, https:\/\/endeco-gmbh.de\/wp-content\/uploads\/Endeco_Logo_Final_RGB_72-50x35.jpg 50w, https:\/\/endeco-gmbh.de\/wp-content\/uploads\/Endeco_Logo_Final_RGB_72-106x75.jpg 106w\" sizes=\"(max-width: 842px) 100vw, 842px\" \/><\/a><\/div><div class=\"desc\"><h5><a href=\"https:\/\/endeco-gmbh.de\/en\/blog\/ready-to-go-endeco-protein-food-gmbh\/\">READY TO GO ! endeco protein &#038; food GmbH<\/a><\/h5><div class=\"desc_footer\"><span class=\"date\"><i class=\"icon-clock\"><\/i> 02.12.2022<\/span><div class=\"button-love\"><\/div><\/div><div class=\"post-excerpt\">endeco protein &amp; food GmbH was successfully founded in the beautiful canton of St. Gallen \/ CH. At the site in Uzwil the new Protein Application<span class=\"excerpt-hellip\"> [\u2026]<\/span><\/div><\/div><\/li><li class=\"post-4153 post type-post status-publish format-standard has-post-thumbnail hentry category-news-en category-protein-food\"><div class=\"photo\"><a href=\"https:\/\/endeco-gmbh.de\/en\/blog\/buehler-and-endeco-combine-forces-to-meet-growing-demand-for-alternative-proteins\/\"><img width=\"960\" height=\"720\" src=\"https:\/\/endeco-gmbh.de\/wp-content\/uploads\/bu\u0308hler-endeco-buendeln-ihre-kraefte-um-die-wachsende-nachfrage-nach-alternativen-proteinen-zu-decken-960x720.jpg\" class=\"scale-with-grid wp-post-image\" alt=\"Bu\u0308hler Endeco Buendeln Ihre Kraefte Um Die Wachsende Nachfrage Nach Alternativen Proteinen Zu Decken\" loading=\"lazy\" \/><\/a><\/div><div class=\"desc\"><h5><a href=\"https:\/\/endeco-gmbh.de\/en\/blog\/buehler-and-endeco-combine-forces-to-meet-growing-demand-for-alternative-proteins\/\">B\u00fchler and endeco combine forces to meet growing demand for alternative proteins<\/a><\/h5><div class=\"desc_footer\"><span class=\"date\"><i class=\"icon-clock\"><\/i> 27.06.2022<\/span><div class=\"button-love\"><\/div><\/div><div class=\"post-excerpt\">End-to-end pulse processing solutions Uzwil (Switzerland), June 28, 2022 \u2013 Swiss Bu\u0308hler Group today announces a new strategic partnership with German engineering company endeco to drive<span class=\"excerpt-hellip\"> [\u2026]<\/span><\/div><\/div><\/li><li class=\"post-3771 post type-post status-publish format-standard has-post-thumbnail hentry category-news-en category-projects-references\"><div class=\"photo\"><a href=\"https:\/\/endeco-gmbh.de\/en\/blog\/construction-new-spray-tower-record-time-dp-supply\/\"><img width=\"545\" height=\"564\" src=\"https:\/\/endeco-gmbh.de\/wp-content\/uploads\/1.jpg\" class=\"scale-with-grid wp-post-image\" alt=\"spruehturm-bau-rekordzeit-endeco-dp-supply\" loading=\"lazy\" srcset=\"https:\/\/endeco-gmbh.de\/wp-content\/uploads\/1.jpg 545w, https:\/\/endeco-gmbh.de\/wp-content\/uploads\/1-141x146.jpg 141w, https:\/\/endeco-gmbh.de\/wp-content\/uploads\/1-48x50.jpg 48w, https:\/\/endeco-gmbh.de\/wp-content\/uploads\/1-72x75.jpg 72w\" sizes=\"(max-width: 545px) 100vw, 545px\" \/><\/a><\/div><div class=\"desc\"><h5><a href=\"https:\/\/endeco-gmbh.de\/en\/blog\/construction-new-spray-tower-record-time-dp-supply\/\">Construction of a new spray tower in record time at DP Supply<\/a><\/h5><div class=\"desc_footer\"><span class=\"date\"><i class=\"icon-clock\"><\/i> 23.04.2020<\/span><div class=\"button-love\"><\/div><\/div><div class=\"post-excerpt\">[vc_row gap=&#8221;35&#8243;][vc_column width=&#8221;1\/2&#8243;][vc_single_image image=&#8221;1424&#8243; img_size=&#8221;medium&#8221; alignment=&#8221;center&#8221;][\/vc_column][vc_column width=&#8221;1\/2&#8243;][vc_single_image image=&#8221;3239&#8243; img_size=&#8221;medium&#8221; alignment=&#8221;center&#8221;][\/vc_column][\/vc_row][vc_row gap=&#8221;35&#8243;][vc_column][vc_column_text] endeco realizes the new construction of a spraying tower at DP Supply GmbH in Beesten<span class=\"excerpt-hellip\"> [\u2026]<\/span><\/div><\/div><\/li><li class=\"post-2040 post type-post status-publish format-standard has-post-thumbnail hentry category-highlight-en category-news-en\"><div class=\"photo\"><a href=\"https:\/\/endeco-gmbh.de\/en\/blog\/endeco-group-at-powtech-2019\/\"><img width=\"234\" height=\"60\" src=\"https:\/\/endeco-gmbh.de\/wp-content\/uploads\/234x60_en.gif\" class=\"scale-with-grid wp-post-image\" alt=\"\" loading=\"lazy\" srcset=\"https:\/\/endeco-gmbh.de\/wp-content\/uploads\/234x60_en.gif 234w, https:\/\/endeco-gmbh.de\/wp-content\/uploads\/234x60_en-50x13.gif 50w, https:\/\/endeco-gmbh.de\/wp-content\/uploads\/234x60_en-150x38.gif 150w\" sizes=\"(max-width: 234px) 100vw, 234px\" \/><\/a><\/div><div class=\"desc\"><h5><a href=\"https:\/\/endeco-gmbh.de\/en\/blog\/endeco-group-at-powtech-2019\/\">endeco Group at Powtech 2019<\/a><\/h5><div class=\"desc_footer\"><span class=\"date\"><i class=\"icon-clock\"><\/i> 15.01.2019<\/span><div class=\"button-love\"><\/div><\/div><div class=\"post-excerpt\">From 9th til 11th April 2019 Powtech &#8211; leading trade fair for powder, granulate and bulk material technology &#8211; takes place in Nuremberg. Of course we<span class=\"excerpt-hellip\"> [\u2026]<\/span><\/div><\/div><\/li><li class=\"post-1455 post type-post status-publish format-standard has-post-thumbnail hentry category-uncategorized\"><div class=\"photo\"><a href=\"https:\/\/endeco-gmbh.de\/en\/blog\/endeco-group-at-anuga-foodtec-2018\/\"><img width=\"480\" height=\"445\" src=\"https:\/\/endeco-gmbh.de\/wp-content\/uploads\/2018\/02\/logo_anuga-min.jpg\" class=\"scale-with-grid wp-post-image\" alt=\"\" loading=\"lazy\" srcset=\"https:\/\/endeco-gmbh.de\/wp-content\/uploads\/2018\/02\/logo_anuga-min.jpg 480w, https:\/\/endeco-gmbh.de\/wp-content\/uploads\/2018\/02\/logo_anuga-min-300x278.jpg 300w\" sizes=\"(max-width: 480px) 100vw, 480px\" \/><\/a><\/div><div class=\"desc\"><h5><a href=\"https:\/\/endeco-gmbh.de\/en\/blog\/endeco-group-at-anuga-foodtec-2018\/\">endeco Group at ANUGA FOODTEC 2018<\/a><\/h5><div class=\"desc_footer\"><span class=\"date\"><i class=\"icon-clock\"><\/i> 10.12.2018<\/span><div class=\"button-love\"><\/div><\/div><div class=\"post-excerpt\">Visit us in Hall 1, Stand 322 - we are looking forward to it!<\/div><\/div><\/li><li class=\"post-1936 post type-post status-publish format-standard has-post-thumbnail hentry category-highlight-en category-news-en\"><div class=\"photo\"><a href=\"https:\/\/endeco-gmbh.de\/en\/blog\/10-jahre-endeco\/\"><img width=\"150\" height=\"150\" src=\"https:\/\/endeco-gmbh.de\/wp-content\/uploads\/2017\/10\/10Jahre_150x150.jpg\" class=\"scale-with-grid wp-post-image\" alt=\"\" loading=\"lazy\" \/><\/a><\/div><div class=\"desc\"><h5><a href=\"https:\/\/endeco-gmbh.de\/en\/blog\/10-jahre-endeco\/\">ENDECO \u2013 10TH ANNIVERSARY!<\/a><\/h5><div class=\"desc_footer\"><span class=\"date\"><i class=\"icon-clock\"><\/i> 05.10.2017<\/span><div class=\"button-love\"><\/div><\/div><div class=\"post-excerpt\">Am 01.10.2007 nahm die endeco, damals mit 4 Mitarbeitern in den B\u00fcror\u00e4umen in K\u00f6ngiswinter, ihren Betrieb auf.[:en]endeco started its operations on October 1st, 2007, back then with 4 employees and in its offices in K\u00f6nigswinter.<\/div><\/div><\/li><\/ul><\/div>\n[\/vc_column][\/vc_row]<\/p>\n","protected":false},"excerpt":{"rendered":"<p>[vc_row][vc_column][vc_column_text css=&#8221;.vc_custom_1545234996619{margin-bottom: 50px !important;}&#8221;] News of endeco [\/vc_column_text][\/vc_column][\/vc_row]<\/p>\n","protected":false},"author":1,"featured_media":0,"parent":0,"menu_order":4000,"comment_status":"closed","ping_status":"closed","template":"","meta":[],"categories":[],"tags":[],"yoast_head":"<!-- This site is optimized with the Yoast SEO plugin v15.9.2 - https:\/\/yoast.com\/wordpress\/plugins\/seo\/ -->\n<title>News - endeco<\/title>\n<meta name=\"robots\" content=\"index, follow, max-snippet:-1, max-image-preview:large, max-video-preview:-1\" \/>\n<link rel=\"canonical\" href=\"https:\/\/endeco-gmbh.de\/en\/news\/\" \/>\n<meta property=\"og:locale\" content=\"en_US\" \/>\n<meta property=\"og:type\" content=\"article\" \/>\n<meta property=\"og:title\" content=\"News - endeco\" \/>\n<meta property=\"og:description\" content=\"[vc_row][vc_column][vc_column_text css=&#8221;.vc_custom_1545234996619{margin-bottom: 50px !important;}&#8221;] News of endeco [\/vc_column_text][\/vc_column][\/vc_row]\" \/>\n<meta property=\"og:url\" content=\"https:\/\/endeco-gmbh.de\/en\/news\/\" \/>\n<meta property=\"og:site_name\" content=\"endeco\" \/>\n<meta property=\"article:modified_time\" content=\"2018-12-19T15:56:41+00:00\" \/>\n<meta name=\"twitter:card\" content=\"summary_large_image\" \/>\n<script type=\"application\/ld+json\" class=\"yoast-schema-graph\">{\"@context\":\"https:\/\/schema.org\",\"@graph\":[{\"@type\":\"WebSite\",\"@id\":\"https:\/\/endeco-gmbh.de\/#website\",\"url\":\"https:\/\/endeco-gmbh.de\/\",\"name\":\"endeco\",\"description\":\"engineering - design - construction\",\"potentialAction\":[{\"@type\":\"SearchAction\",\"target\":\"https:\/\/endeco-gmbh.de\/?s={search_term_string}\",\"query-input\":\"required name=search_term_string\"}],\"inLanguage\":\"en-US\"},{\"@type\":\"WebPage\",\"@id\":\"https:\/\/endeco-gmbh.de\/en\/news\/#webpage\",\"url\":\"https:\/\/endeco-gmbh.de\/en\/news\/\",\"name\":\"News - endeco\",\"isPartOf\":{\"@id\":\"https:\/\/endeco-gmbh.de\/#website\"},\"datePublished\":\"2017-08-19T21:41:40+00:00\",\"dateModified\":\"2018-12-19T15:56:41+00:00\",\"breadcrumb\":{\"@id\":\"https:\/\/endeco-gmbh.de\/en\/news\/#breadcrumb\"},\"inLanguage\":\"en-US\",\"potentialAction\":[{\"@type\":\"ReadAction\",\"target\":[\"https:\/\/endeco-gmbh.de\/en\/news\/\"]}]},{\"@type\":\"BreadcrumbList\",\"@id\":\"https:\/\/endeco-gmbh.de\/en\/news\/#breadcrumb\",\"itemListElement\":[{\"@type\":\"ListItem\",\"position\":1,\"item\":{\"@type\":\"WebPage\",\"@id\":\"http:\/\/endeco-gmbh.de\/en\/\",\"url\":\"http:\/\/endeco-gmbh.de\/en\/\",\"name\":\"Startseite\"}},{\"@type\":\"ListItem\",\"position\":2,\"item\":{\"@type\":\"WebPage\",\"@id\":\"https:\/\/endeco-gmbh.de\/en\/news\/\",\"url\":\"https:\/\/endeco-gmbh.de\/en\/news\/\",\"name\":\"News\"}}]}]}<\/script>\n<!-- \/ Yoast SEO plugin. -->","_links":{"self":[{"href":"https:\/\/endeco-gmbh.de\/en\/wp-json\/wp\/v2\/pages\/2000\/"}],"collection":[{"href":"https:\/\/endeco-gmbh.de\/en\/wp-json\/wp\/v2\/pages\/"}],"about":[{"href":"https:\/\/endeco-gmbh.de\/en\/wp-json\/wp\/v2\/types\/page\/"}],"author":[{"embeddable":true,"href":"https:\/\/endeco-gmbh.de\/en\/wp-json\/wp\/v2\/users\/1\/"}],"replies":[{"embeddable":true,"href":"https:\/\/endeco-gmbh.de\/en\/wp-json\/wp\/v2\/comments\/?post=2000"}],"version-history":[{"count":1,"href":"https:\/\/endeco-gmbh.de\/en\/wp-json\/wp\/v2\/pages\/2000\/revisions\/"}],"predecessor-version":[{"id":2001,"href":"https:\/\/endeco-gmbh.de\/en\/wp-json\/wp\/v2\/pages\/2000\/revisions\/2001\/"}],"wp:attachment":[{"href":"https:\/\/endeco-gmbh.de\/en\/wp-json\/wp\/v2\/media\/?parent=2000"}],"wp:term":[{"taxonomy":"category","embeddable":true,"href":"https:\/\/endeco-gmbh.de\/en\/wp-json\/wp\/v2\/categories\/?post=2000"},{"taxonomy":"post_tag","embeddable":true,"href":"https:\/\/endeco-gmbh.de\/en\/wp-json\/wp\/v2\/tags\/?post=2000"}],"curies":[{"name":"wp","href":"https:\/\/api.w.org\/{rel}","templated":true}]}}